{"id":5945,"date":"2022-10-29T06:31:35","date_gmt":"2022-10-29T04:31:35","guid":{"rendered":"https:\/\/nordicsub.dk\/om-os\/"},"modified":"2025-07-23T11:04:28","modified_gmt":"2025-07-23T09:04:28","slug":"om-os","status":"publish","type":"page","link":"https:\/\/nordicsub.dk\/en\/om-os\/","title":{"rendered":"About us"},"content":{"rendered":"<section class=\"wpb-content-wrapper\"><p>[vc_row full_width=&#8221;stretch_row&#8221;][vc_column]<div class=\"ult-spacer spacer-69f387e5a90b4\" data-id=\"69f387e5a90b4\" data-height=\"90\" data-height-mobile=\"60\" data-height-tab=\"90\" data-height-tab-portrait=\"60\" data-height-mobile-landscape=\"60\" style=\"clear:both;display:block;\"><\/div>[vc_column_text]<\/p>\n<h2><span data-olk-copy-source=\"MessageBody\">Lad os klare opgaven for dig \u2013 Erfarne Dykkere til Professionelle Undervandsprojekter<\/span><\/h2>\n<p>[\/vc_column_text][vc_empty_space height=&#8221;30px&#8221;][vc_separator color=&#8221;custom&#8221; accent_color=&#8221;rgba(0,0,0,0.1)&#8221;]<div class=\"ult-spacer spacer-69f387e5a90f6\" data-id=\"69f387e5a90f6\" data-height=\"45\" data-height-mobile=\"30\" data-height-tab=\"45\" data-height-tab-portrait=\"30\" data-height-mobile-landscape=\"30\" style=\"clear:both;display:block;\"><\/div>[vc_row_inner][vc_column_inner offset=&#8221;vc_col-md-6&#8243;][vc_column_text]<\/p>\n<h3><span data-olk-copy-source=\"MessageBody\">Et hav af erfaring\u00a0<\/span><\/h3>\n<p>NordicSub blev grundlagt i 2019 af indehaver Jesper Skouv, som har en solid baggrund som kommerciel dykker med mange \u00e5rs erfaring fra b\u00e5de ind- og udland. Med ekspertise indenfor undervandsprojekter tilbyder vi skr\u00e6ddersyede l\u00f8sninger til b\u00e5de undervands- og industrisektoren.<\/p>\n<h3>H\u00f8j kvalitet og god service<\/h3>\n<p>Hos NordicSub v\u00e6gter vi kvalitet, sikkerhed og p\u00e5lidelighed i alle vores projekter. Vi forlader aldrig en opgave, f\u00f8r den er 100% f\u00e6rdig, og f\u00f8r alle parter er fuldt ud tilfredse med resultatet. Vi overholder altid aftaler og deadlines, hvilket g\u00f8r os til din p\u00e5lidelige samarbejdspartner i b\u00e5de sm\u00e5 og store dykkerprojekter**.[\/vc_column_text][vc_empty_space height=&#8221;30px&#8221;][vc_media_grid element_width=&#8221;6&#8243; gap=&#8221;20&#8243; grid_id=&#8221;vc_gid:1742802642447-4ccf9433-de1d-7&#8243; include=&#8221;5582&#8243;]<div class=\"ult-spacer spacer-69f387e5a9119\" data-id=\"69f387e5a9119\" data-height=\"0\" data-height-mobile=\"15\" data-height-tab=\"0\" data-height-tab-portrait=\"15\" data-height-mobile-landscape=\"15\" style=\"clear:both;display:block;\"><\/div>[\/vc_column_inner][vc_column_inner offset=&#8221;vc_col-md-6&#8243;][vc_column_text]<span data-olk-copy-source=\"MessageBody\">Derfor skal du v\u00e6lge os:\u00a0<\/span><\/p>\n<ul>\n<li>Erfarne og certificerede erhvervsdykkere<\/li>\n<li>Specialister i undervandsarbejde og komplekse konstruktioner<\/li>\n<li>Fokus p\u00e5 sikkerhed, effektivitet og kvalitet<\/li>\n<li>Levering af l\u00f8sninger til tiden \u2013 hver gang<\/li>\n<\/ul>\n<p>Er du p\u00e5 udkig efter p\u00e5lidelige undervandstjenester til dit n\u00e6ste projekt? <a href=\"\/kontakt\/\">Kontakt<\/a> os i dag og lad os hj\u00e6lpe dig med at finde den bedste l\u00f8sning!<\/p>\n<p>L\u00e6s ogs\u00e5 vores <a href=\"\/nyheder\/\">nyheder<\/a> for at holde dig opdateret p\u00e5 vores seneste projekter.[\/vc_column_text][\/vc_column_inner][\/vc_row_inner]<div class=\"ult-spacer spacer-69f387e5a9139\" data-id=\"69f387e5a9139\" data-height=\"90\" data-height-mobile=\"60\" data-height-tab=\"90\" data-height-tab-portrait=\"60\" data-height-mobile-landscape=\"60\" style=\"clear:both;display:block;\"><\/div>[\/vc_column][\/vc_row][vc_row full_width=&#8221;stretch_row&#8221; el_class=&#8221;white parallax overlay&#8221; css=&#8221;.vc_custom_1675798948527{background-image: url(https:\/\/nordicsub.dk\/wp-content\/uploads\/2023\/02\/bg-header.jpg?id=5100) !important;background-position: center !important;background-repeat: no-repeat !important;background-size: cover !important;}&#8221;][vc_column]<div class=\"ult-spacer spacer-69f387e5a9156\" data-id=\"69f387e5a9156\" data-height=\"135\" data-height-mobile=\"90\" data-height-tab=\"135\" data-height-tab-portrait=\"90\" data-height-mobile-landscape=\"90\" style=\"clear:both;display:block;\"><\/div>[vc_row_inner][vc_column_inner offset=&#8221;vc_col-lg-2 vc_col-md-2 vc_col-xs-12&#8243;][\/vc_column_inner][vc_column_inner offset=&#8221;vc_col-lg-8 vc_col-md-8 vc_col-xs-12&#8243;][vc_column_text]<\/p>\n<h3 style=\"text-align: center;\">Kontakt os og lad os tage en uforpligtende snak<\/h3>\n<p style=\"text-align: center;\">Vi sidder klar til at besvare ethvert sp\u00f8rgsm\u00e5l, du m\u00e5tte have, som du ikke f\u00e5r besvaret her p\u00e5 hjemmesiden. S\u00e5 t\u00f8v ikke med at ringe eller skrive til os. Vi tager med gl\u00e6de en helt uforpligtende snak med dig om dine planer.<\/p>\n<p style=\"text-align: center;\"><a class=\"custom-link\" href=\"\/kontakt\/\">Kontakt os i dag<\/a><\/p>\n<p>[\/vc_column_text][\/vc_column_inner][vc_column_inner offset=&#8221;vc_col-lg-2 vc_col-md-2 vc_col-xs-12&#8243;][\/vc_column_inner][\/vc_row_inner]<div class=\"ult-spacer spacer-69f387e5a9171\" data-id=\"69f387e5a9171\" data-height=\"135\" data-height-mobile=\"90\" data-height-tab=\"135\" data-height-tab-portrait=\"90\" data-height-mobile-landscape=\"90\" style=\"clear:both;display:block;\"><\/div>[\/vc_column][\/vc_row]<\/p>\n<\/section>","protected":false},"excerpt":{"rendered":"<p>[vc_row full_width=&#8221;stretch_row&#8221;][vc_column][vc_column_text] Lad os klare opgaven for dig \u2013 Erfarne Dykkere til Professionelle Undervandsprojekter [\/vc_column_text][vc_empty_space height=&#8221;30px&#8221;][vc_separator color=&#8221;custom&#8221; accent_color=&#8221;rgba(0,0,0,0.1)&#8221;][vc_row_inner][vc_column_inner offset=&#8221;vc_col-md-6&#8243;][vc_column_text] Et hav af erfaring\u00a0 NordicSub blev grundlagt i 2019 af indehaver Jesper Skouv, som har en solid baggrund som kommerciel dykker med mange \u00e5rs erfaring fra b\u00e5de ind- og udland. Med ekspertise indenfor undervandsprojekter tilbyder vi &#8230; <a title=\"About us\" class=\"read-more\" href=\"https:\/\/nordicsub.dk\/en\/om-os\/\" aria-label=\"More on About us\">Read more<\/a><\/p>\n","protected":false},"author":1,"featured_media":5704,"parent":0,"menu_order":1,"comment_status":"closed","ping_status":"closed","template":"","meta":{"footnotes":""},"categories":[],"acf":[],"yoast_head":"<!-- This site is optimized with the Yoast SEO plugin v20.10 - https:\/\/yoast.com\/wordpress\/plugins\/seo\/ -->\n<title>About us &middot; NordicSub ApS<\/title>\n<meta name=\"robots\" content=\"index, follow, max-snippet:-1, max-image-preview:large, max-video-preview:-1\" \/>\n<link rel=\"canonical\" href=\"https:\/\/nordicsub.dk\/en\/om-os\/\" \/>\n<meta property=\"og:locale\" content=\"en_US\" \/>\n<meta property=\"og:type\" content=\"article\" \/>\n<meta property=\"og:title\" content=\"About us &middot; NordicSub ApS\" \/>\n<meta property=\"og:description\" content=\"[vc_row full_width=&#8221;stretch_row&#8221;][vc_column][vc_column_text] Lad os klare opgaven for dig \u2013 Erfarne Dykkere til Professionelle Undervandsprojekter [\/vc_column_text][vc_empty_space height=&#8221;30px&#8221;][vc_separator color=&#8221;custom&#8221; accent_color=&#8221;rgba(0,0,0,0.1)&#8221;][vc_row_inner][vc_column_inner offset=&#8221;vc_col-md-6&#8243;][vc_column_text] Et hav af erfaring\u00a0 NordicSub blev grundlagt i 2019 af indehaver Jesper Skouv, som har en solid baggrund som kommerciel dykker med mange \u00e5rs erfaring fra b\u00e5de ind- og udland. Med ekspertise indenfor undervandsprojekter tilbyder vi ... Read more\" \/>\n<meta property=\"og:url\" content=\"https:\/\/nordicsub.dk\/en\/om-os\/\" \/>\n<meta property=\"og:site_name\" content=\"NordicSub ApS\" \/>\n<meta property=\"article:modified_time\" content=\"2025-07-23T09:04:28+00:00\" \/>\n<meta property=\"og:image\" content=\"https:\/\/nordicsub.dk\/wp-content\/uploads\/2024\/08\/thumbnail-img-7594.jpg\" \/>\n\t<meta property=\"og:image:width\" content=\"1920\" \/>\n\t<meta property=\"og:image:height\" content=\"1440\" \/>\n\t<meta property=\"og:image:type\" content=\"image\/jpeg\" \/>\n<meta name=\"twitter:card\" content=\"summary_large_image\" \/>\n<meta name=\"twitter:label1\" content=\"Est. reading time\" \/>\n\t<meta name=\"twitter:data1\" content=\"2 minutes\" \/>\n<script type=\"application\/ld+json\" class=\"yoast-schema-graph\">{\"@context\":\"https:\/\/schema.org\",\"@graph\":[{\"@type\":\"WebPage\",\"@id\":\"https:\/\/nordicsub.dk\/en\/om-os\/\",\"url\":\"https:\/\/nordicsub.dk\/en\/om-os\/\",\"name\":\"About us &middot; NordicSub ApS\",\"isPartOf\":{\"@id\":\"https:\/\/nordicsub.dk\/en\/#website\"},\"datePublished\":\"2022-10-29T04:31:35+00:00\",\"dateModified\":\"2025-07-23T09:04:28+00:00\",\"breadcrumb\":{\"@id\":\"https:\/\/nordicsub.dk\/en\/om-os\/#breadcrumb\"},\"inLanguage\":\"en-US\",\"potentialAction\":[{\"@type\":\"ReadAction\",\"target\":[\"https:\/\/nordicsub.dk\/en\/om-os\/\"]}]},{\"@type\":\"BreadcrumbList\",\"@id\":\"https:\/\/nordicsub.dk\/en\/om-os\/#breadcrumb\",\"itemListElement\":[{\"@type\":\"ListItem\",\"position\":1,\"name\":\"Hjem\",\"item\":\"https:\/\/nordicsub.dk\/en\/home-page\/\"},{\"@type\":\"ListItem\",\"position\":2,\"name\":\"About us\"}]},{\"@type\":\"WebSite\",\"@id\":\"https:\/\/nordicsub.dk\/en\/#website\",\"url\":\"https:\/\/nordicsub.dk\/en\/\",\"name\":\"NordicSub ApS\",\"description\":\"Undervandsdrone, reservoir og havbunds inspektion\",\"publisher\":{\"@id\":\"https:\/\/nordicsub.dk\/en\/#organization\"},\"potentialAction\":[{\"@type\":\"SearchAction\",\"target\":{\"@type\":\"EntryPoint\",\"urlTemplate\":\"https:\/\/nordicsub.dk\/en\/?s={search_term_string}\"},\"query-input\":\"required name=search_term_string\"}],\"inLanguage\":\"en-US\"},{\"@type\":\"Organization\",\"@id\":\"https:\/\/nordicsub.dk\/en\/#organization\",\"name\":\"NordicSub ApS\",\"url\":\"https:\/\/nordicsub.dk\/en\/\",\"logo\":{\"@type\":\"ImageObject\",\"inLanguage\":\"en-US\",\"@id\":\"https:\/\/nordicsub.dk\/en\/#\/schema\/logo\/image\/\",\"url\":\"https:\/\/nordicsub.dk\/wp-content\/uploads\/2023\/02\/nordicsub-logo.svg\",\"contentUrl\":\"https:\/\/nordicsub.dk\/wp-content\/uploads\/2023\/02\/nordicsub-logo.svg\",\"width\":644,\"height\":134,\"caption\":\"NordicSub ApS\"},\"image\":{\"@id\":\"https:\/\/nordicsub.dk\/en\/#\/schema\/logo\/image\/\"}}]}<\/script>\n<!-- \/ Yoast SEO plugin. -->","yoast_head_json":{"title":"About us &middot; NordicSub ApS","robots":{"index":"index","follow":"follow","max-snippet":"max-snippet:-1","max-image-preview":"max-image-preview:large","max-video-preview":"max-video-preview:-1"},"canonical":"https:\/\/nordicsub.dk\/en\/om-os\/","og_locale":"en_US","og_type":"article","og_title":"About us &middot; NordicSub ApS","og_description":"[vc_row full_width=&#8221;stretch_row&#8221;][vc_column][vc_column_text] Lad os klare opgaven for dig \u2013 Erfarne Dykkere til Professionelle Undervandsprojekter [\/vc_column_text][vc_empty_space height=&#8221;30px&#8221;][vc_separator color=&#8221;custom&#8221; accent_color=&#8221;rgba(0,0,0,0.1)&#8221;][vc_row_inner][vc_column_inner offset=&#8221;vc_col-md-6&#8243;][vc_column_text] Et hav af erfaring\u00a0 NordicSub blev grundlagt i 2019 af indehaver Jesper Skouv, som har en solid baggrund som kommerciel dykker med mange \u00e5rs erfaring fra b\u00e5de ind- og udland. Med ekspertise indenfor undervandsprojekter tilbyder vi ... Read more","og_url":"https:\/\/nordicsub.dk\/en\/om-os\/","og_site_name":"NordicSub ApS","article_modified_time":"2025-07-23T09:04:28+00:00","og_image":[{"width":1920,"height":1440,"url":"https:\/\/nordicsub.dk\/wp-content\/uploads\/2024\/08\/thumbnail-img-7594.jpg","type":"image\/jpeg"}],"twitter_card":"summary_large_image","twitter_misc":{"Est. reading time":"2 minutes"},"schema":{"@context":"https:\/\/schema.org","@graph":[{"@type":"WebPage","@id":"https:\/\/nordicsub.dk\/en\/om-os\/","url":"https:\/\/nordicsub.dk\/en\/om-os\/","name":"About us &middot; NordicSub ApS","isPartOf":{"@id":"https:\/\/nordicsub.dk\/en\/#website"},"datePublished":"2022-10-29T04:31:35+00:00","dateModified":"2025-07-23T09:04:28+00:00","breadcrumb":{"@id":"https:\/\/nordicsub.dk\/en\/om-os\/#breadcrumb"},"inLanguage":"en-US","potentialAction":[{"@type":"ReadAction","target":["https:\/\/nordicsub.dk\/en\/om-os\/"]}]},{"@type":"BreadcrumbList","@id":"https:\/\/nordicsub.dk\/en\/om-os\/#breadcrumb","itemListElement":[{"@type":"ListItem","position":1,"name":"Hjem","item":"https:\/\/nordicsub.dk\/en\/home-page\/"},{"@type":"ListItem","position":2,"name":"About us"}]},{"@type":"WebSite","@id":"https:\/\/nordicsub.dk\/en\/#website","url":"https:\/\/nordicsub.dk\/en\/","name":"NordicSub ApS","description":"Undervandsdrone, reservoir og havbunds inspektion","publisher":{"@id":"https:\/\/nordicsub.dk\/en\/#organization"},"potentialAction":[{"@type":"SearchAction","target":{"@type":"EntryPoint","urlTemplate":"https:\/\/nordicsub.dk\/en\/?s={search_term_string}"},"query-input":"required name=search_term_string"}],"inLanguage":"en-US"},{"@type":"Organization","@id":"https:\/\/nordicsub.dk\/en\/#organization","name":"NordicSub ApS","url":"https:\/\/nordicsub.dk\/en\/","logo":{"@type":"ImageObject","inLanguage":"en-US","@id":"https:\/\/nordicsub.dk\/en\/#\/schema\/logo\/image\/","url":"https:\/\/nordicsub.dk\/wp-content\/uploads\/2023\/02\/nordicsub-logo.svg","contentUrl":"https:\/\/nordicsub.dk\/wp-content\/uploads\/2023\/02\/nordicsub-logo.svg","width":644,"height":134,"caption":"NordicSub ApS"},"image":{"@id":"https:\/\/nordicsub.dk\/en\/#\/schema\/logo\/image\/"}}]}},"_links":{"self":[{"href":"https:\/\/nordicsub.dk\/en\/wp-json\/wp\/v2\/pages\/5945"}],"collection":[{"href":"https:\/\/nordicsub.dk\/en\/wp-json\/wp\/v2\/pages"}],"about":[{"href":"https:\/\/nordicsub.dk\/en\/wp-json\/wp\/v2\/types\/page"}],"author":[{"embeddable":true,"href":"https:\/\/nordicsub.dk\/en\/wp-json\/wp\/v2\/users\/1"}],"replies":[{"embeddable":true,"href":"https:\/\/nordicsub.dk\/en\/wp-json\/wp\/v2\/comments?post=5945"}],"version-history":[{"count":4,"href":"https:\/\/nordicsub.dk\/en\/wp-json\/wp\/v2\/pages\/5945\/revisions"}],"predecessor-version":[{"id":5950,"href":"https:\/\/nordicsub.dk\/en\/wp-json\/wp\/v2\/pages\/5945\/revisions\/5950"}],"wp:featuredmedia":[{"embeddable":true,"href":"https:\/\/nordicsub.dk\/en\/wp-json\/wp\/v2\/media\/5704"}],"wp:attachment":[{"href":"https:\/\/nordicsub.dk\/en\/wp-json\/wp\/v2\/media?parent=5945"}],"wp:term":[{"taxonomy":"category","embeddable":true,"href":"https:\/\/nordicsub.dk\/en\/wp-json\/wp\/v2\/categories?post=5945"}],"curies":[{"name":"wp","href":"https:\/\/api.w.org\/{rel}","templated":true}]}}